{"id":3564,"date":"2025-01-16T09:45:40","date_gmt":"2025-01-16T08:45:40","guid":{"rendered":"https:\/\/me.gigroup.com\/for-employers\/temporary-staffing\/"},"modified":"2025-05-16T10:38:15","modified_gmt":"2025-05-16T08:38:15","slug":"temporary-staffing","status":"publish","type":"page","link":"https:\/\/me.gigroup.com\/en\/for-employers\/temporary-staffing\/","title":{"rendered":"Temporary Staffing"},"content":{"rendered":"","protected":false},"excerpt":{"rendered":"","protected":false},"author":1,"featured_media":3394,"parent":3554,"menu_order":0,"comment_status":"closed","ping_status":"closed","template":"","meta":{"footnotes":""},"class_list":["post-3564","page","type-page","status-publish","has-post-thumbnail","hentry"],"yoast_head":"<!-- This site is optimized with the Yoast SEO Premium plugin v27.4 (Yoast SEO v27.4) - https:\/\/yoast.com\/product\/yoast-seo-premium-wordpress\/ -->\n<title>Our Temporary Staffing Service<\/title>\n<meta name=\"description\" content=\"What\u2019s your organisation&#039;s story? We consult closely with you to understand your hiring needs and ensure every candidate fits not only the role but also your company\u2019s unique values. From sourcing to selection, we handle it all, delivering candidates that align with both your current and future goals.\" \/>\n<meta name=\"robots\" content=\"index, follow, max-snippet:-1, max-image-preview:large, max-video-preview:-1\" \/>\n<link rel=\"canonical\" href=\"https:\/\/me.gigroup.com\/en\/for-employers\/temporary-staffing\/\" \/>\n<meta property=\"og:locale\" content=\"en_GB\" \/>\n<meta property=\"og:type\" content=\"article\" \/>\n<meta property=\"og:title\" content=\"Temporary Staffing\" \/>\n<meta property=\"og:description\" content=\"What\u2019s your organisation&#039;s story? We consult closely with you to understand your hiring needs and ensure every candidate fits not only the role but also your company\u2019s unique values. From sourcing to selection, we handle it all, delivering candidates that align with both your current and future goals.\" \/>\n<meta property=\"og:url\" content=\"https:\/\/me.gigroup.com\/en\/for-employers\/temporary-staffing\/\" \/>\n<meta property=\"og:site_name\" content=\"Gi Group Montenegro\" \/>\n<meta property=\"article:modified_time\" content=\"2025-05-16T08:38:15+00:00\" \/>\n<meta property=\"og:image\" content=\"https:\/\/me.gigroup.com\/wp-content\/uploads\/sites\/11\/header-temporary-staffing.webp\" \/>\n\t<meta property=\"og:image:width\" content=\"900\" \/>\n\t<meta property=\"og:image:height\" content=\"600\" \/>\n\t<meta property=\"og:image:type\" content=\"image\/webp\" \/>\n<meta name=\"twitter:card\" content=\"summary_large_image\" \/>\n<script type=\"application\/ld+json\" class=\"yoast-schema-graph\">{\"@context\":\"https:\\\/\\\/schema.org\",\"@graph\":[{\"@type\":\"WebPage\",\"@id\":\"https:\\\/\\\/me.gigroup.com\\\/en\\\/for-employers\\\/temporary-staffing\\\/\",\"url\":\"https:\\\/\\\/me.gigroup.com\\\/en\\\/for-employers\\\/temporary-staffing\\\/\",\"name\":\"Our Temporary Staffing Service\",\"isPartOf\":{\"@id\":\"https:\\\/\\\/me.gigroup.com\\\/#website\"},\"primaryImageOfPage\":{\"@id\":\"https:\\\/\\\/me.gigroup.com\\\/en\\\/for-employers\\\/temporary-staffing\\\/#primaryimage\"},\"image\":{\"@id\":\"https:\\\/\\\/me.gigroup.com\\\/en\\\/for-employers\\\/temporary-staffing\\\/#primaryimage\"},\"thumbnailUrl\":\"https:\\\/\\\/me.gigroup.com\\\/wp-content\\\/uploads\\\/sites\\\/11\\\/header-temporary-staffing.webp\",\"datePublished\":\"2025-01-16T08:45:40+00:00\",\"dateModified\":\"2025-05-16T08:38:15+00:00\",\"description\":\"What\u2019s your organisation's story? We consult closely with you to understand your hiring needs and ensure every candidate fits not only the role but also your company\u2019s unique values. From sourcing to selection, we handle it all, delivering candidates that align with both your current and future goals.\",\"breadcrumb\":{\"@id\":\"https:\\\/\\\/me.gigroup.com\\\/en\\\/for-employers\\\/temporary-staffing\\\/#breadcrumb\"},\"inLanguage\":\"en-GB\",\"potentialAction\":[{\"@type\":\"ReadAction\",\"target\":[\"https:\\\/\\\/me.gigroup.com\\\/en\\\/for-employers\\\/temporary-staffing\\\/\"]}]},{\"@type\":\"ImageObject\",\"inLanguage\":\"en-GB\",\"@id\":\"https:\\\/\\\/me.gigroup.com\\\/en\\\/for-employers\\\/temporary-staffing\\\/#primaryimage\",\"url\":\"https:\\\/\\\/me.gigroup.com\\\/wp-content\\\/uploads\\\/sites\\\/11\\\/header-temporary-staffing.webp\",\"contentUrl\":\"https:\\\/\\\/me.gigroup.com\\\/wp-content\\\/uploads\\\/sites\\\/11\\\/header-temporary-staffing.webp\",\"width\":900,\"height\":600,\"caption\":\"Delivery driver with packages - Gi Group Serbia\"},{\"@type\":\"BreadcrumbList\",\"@id\":\"https:\\\/\\\/me.gigroup.com\\\/en\\\/for-employers\\\/temporary-staffing\\\/#breadcrumb\",\"itemListElement\":[{\"@type\":\"ListItem\",\"position\":1,\"name\":\"Home\",\"item\":\"https:\\\/\\\/me.gigroup.com\\\/en\\\/home\\\/\"},{\"@type\":\"ListItem\",\"position\":2,\"name\":\"For Employers\",\"item\":\"https:\\\/\\\/me.gigroup.com\\\/en\\\/for-employers\\\/\"},{\"@type\":\"ListItem\",\"position\":3,\"name\":\"Temporary Staffing\"}]},{\"@type\":\"WebSite\",\"@id\":\"https:\\\/\\\/me.gigroup.com\\\/#website\",\"url\":\"https:\\\/\\\/me.gigroup.com\\\/\",\"name\":\"Gi Group Montenegro\",\"description\":\"Prona\u0111ite poslove i re\u0161enja za zapo\u0161ljavanje\",\"potentialAction\":[{\"@type\":\"SearchAction\",\"target\":{\"@type\":\"EntryPoint\",\"urlTemplate\":\"https:\\\/\\\/me.gigroup.com\\\/?s={search_term_string}\"},\"query-input\":{\"@type\":\"PropertyValueSpecification\",\"valueRequired\":true,\"valueName\":\"search_term_string\"}}],\"inLanguage\":\"en-GB\"}]}<\/script>\n<!-- \/ Yoast SEO Premium plugin. -->","yoast_head_json":{"title":"Our Temporary Staffing Service","description":"What\u2019s your organisation's story? We consult closely with you to understand your hiring needs and ensure every candidate fits not only the role but also your company\u2019s unique values. From sourcing to selection, we handle it all, delivering candidates that align with both your current and future goals.","robots":{"index":"index","follow":"follow","max-snippet":"max-snippet:-1","max-image-preview":"max-image-preview:large","max-video-preview":"max-video-preview:-1"},"canonical":"https:\/\/me.gigroup.com\/en\/for-employers\/temporary-staffing\/","og_locale":"en_GB","og_type":"article","og_title":"Temporary Staffing","og_description":"What\u2019s your organisation's story? We consult closely with you to understand your hiring needs and ensure every candidate fits not only the role but also your company\u2019s unique values. From sourcing to selection, we handle it all, delivering candidates that align with both your current and future goals.","og_url":"https:\/\/me.gigroup.com\/en\/for-employers\/temporary-staffing\/","og_site_name":"Gi Group Montenegro","article_modified_time":"2025-05-16T08:38:15+00:00","og_image":[{"width":900,"height":600,"url":"https:\/\/me.gigroup.com\/wp-content\/uploads\/sites\/11\/header-temporary-staffing.webp","type":"image\/webp"}],"twitter_card":"summary_large_image","schema":{"@context":"https:\/\/schema.org","@graph":[{"@type":"WebPage","@id":"https:\/\/me.gigroup.com\/en\/for-employers\/temporary-staffing\/","url":"https:\/\/me.gigroup.com\/en\/for-employers\/temporary-staffing\/","name":"Our Temporary Staffing Service","isPartOf":{"@id":"https:\/\/me.gigroup.com\/#website"},"primaryImageOfPage":{"@id":"https:\/\/me.gigroup.com\/en\/for-employers\/temporary-staffing\/#primaryimage"},"image":{"@id":"https:\/\/me.gigroup.com\/en\/for-employers\/temporary-staffing\/#primaryimage"},"thumbnailUrl":"https:\/\/me.gigroup.com\/wp-content\/uploads\/sites\/11\/header-temporary-staffing.webp","datePublished":"2025-01-16T08:45:40+00:00","dateModified":"2025-05-16T08:38:15+00:00","description":"What\u2019s your organisation's story? We consult closely with you to understand your hiring needs and ensure every candidate fits not only the role but also your company\u2019s unique values. From sourcing to selection, we handle it all, delivering candidates that align with both your current and future goals.","breadcrumb":{"@id":"https:\/\/me.gigroup.com\/en\/for-employers\/temporary-staffing\/#breadcrumb"},"inLanguage":"en-GB","potentialAction":[{"@type":"ReadAction","target":["https:\/\/me.gigroup.com\/en\/for-employers\/temporary-staffing\/"]}]},{"@type":"ImageObject","inLanguage":"en-GB","@id":"https:\/\/me.gigroup.com\/en\/for-employers\/temporary-staffing\/#primaryimage","url":"https:\/\/me.gigroup.com\/wp-content\/uploads\/sites\/11\/header-temporary-staffing.webp","contentUrl":"https:\/\/me.gigroup.com\/wp-content\/uploads\/sites\/11\/header-temporary-staffing.webp","width":900,"height":600,"caption":"Delivery driver with packages - Gi Group Serbia"},{"@type":"BreadcrumbList","@id":"https:\/\/me.gigroup.com\/en\/for-employers\/temporary-staffing\/#breadcrumb","itemListElement":[{"@type":"ListItem","position":1,"name":"Home","item":"https:\/\/me.gigroup.com\/en\/home\/"},{"@type":"ListItem","position":2,"name":"For Employers","item":"https:\/\/me.gigroup.com\/en\/for-employers\/"},{"@type":"ListItem","position":3,"name":"Temporary Staffing"}]},{"@type":"WebSite","@id":"https:\/\/me.gigroup.com\/#website","url":"https:\/\/me.gigroup.com\/","name":"Gi Group Montenegro","description":"Prona\u0111ite poslove i re\u0161enja za zapo\u0161ljavanje","potentialAction":[{"@type":"SearchAction","target":{"@type":"EntryPoint","urlTemplate":"https:\/\/me.gigroup.com\/?s={search_term_string}"},"query-input":{"@type":"PropertyValueSpecification","valueRequired":true,"valueName":"search_term_string"}}],"inLanguage":"en-GB"}]}},"_links":{"self":[{"href":"https:\/\/me.gigroup.com\/en\/wp-json\/wp\/v2\/pages\/3564","targetHints":{"allow":["GET"]}}],"collection":[{"href":"https:\/\/me.gigroup.com\/en\/wp-json\/wp\/v2\/pages"}],"about":[{"href":"https:\/\/me.gigroup.com\/en\/wp-json\/wp\/v2\/types\/page"}],"author":[{"embeddable":true,"href":"https:\/\/me.gigroup.com\/en\/wp-json\/wp\/v2\/users\/1"}],"replies":[{"embeddable":true,"href":"https:\/\/me.gigroup.com\/en\/wp-json\/wp\/v2\/comments?post=3564"}],"version-history":[{"count":0,"href":"https:\/\/me.gigroup.com\/en\/wp-json\/wp\/v2\/pages\/3564\/revisions"}],"up":[{"embeddable":true,"href":"https:\/\/me.gigroup.com\/en\/wp-json\/wp\/v2\/pages\/3554"}],"wp:featuredmedia":[{"embeddable":true,"href":"https:\/\/me.gigroup.com\/en\/wp-json\/wp\/v2\/media\/3394"}],"wp:attachment":[{"href":"https:\/\/me.gigroup.com\/en\/wp-json\/wp\/v2\/media?parent=3564"}],"curies":[{"name":"wp","href":"https:\/\/api.w.org\/{rel}","templated":true}]}}