{"id":3561,"date":"2024-12-20T18:02:25","date_gmt":"2024-12-20T17:02:25","guid":{"rendered":"https:\/\/me.gigroup.com\/home\/"},"modified":"2026-04-09T12:45:00","modified_gmt":"2026-04-09T10:45:00","slug":"home","status":"publish","type":"page","link":"https:\/\/me.gigroup.com\/en\/","title":{"rendered":"Home"},"content":{"rendered":"","protected":false},"excerpt":{"rendered":"","protected":false},"author":1,"featured_media":3381,"parent":0,"menu_order":0,"comment_status":"closed","ping_status":"closed","template":"","meta":{"footnotes":""},"class_list":["post-3561","page","type-page","status-publish","has-post-thumbnail","hentry"],"yoast_head":"<!-- This site is optimized with the Yoast SEO Premium plugin v27.4 (Yoast SEO v27.4) - https:\/\/yoast.com\/product\/yoast-seo-premium-wordpress\/ -->\n<title>Gi Group, your job our work - Temporary and Permanent staffing<\/title>\n<meta name=\"description\" content=\"Explore Gi Group, a global leader in staffing, recruitment, and workforce management solutions, supporting businesses and empowering individuals worldwide\" \/>\n<meta name=\"robots\" content=\"index, follow, max-snippet:-1, max-image-preview:large, max-video-preview:-1\" \/>\n<link rel=\"canonical\" href=\"https:\/\/me.gigroup.com\/en\/home\/\" \/>\n<meta property=\"og:locale\" content=\"en_GB\" \/>\n<meta property=\"og:type\" content=\"article\" \/>\n<meta property=\"og:title\" content=\"Home\" \/>\n<meta property=\"og:description\" content=\"Explore Gi Group, a global leader in staffing, recruitment, and workforce management solutions, supporting businesses and empowering individuals worldwide\" \/>\n<meta property=\"og:url\" content=\"https:\/\/me.gigroup.com\/en\/home\/\" \/>\n<meta property=\"og:site_name\" content=\"Gi Group Montenegro\" \/>\n<meta property=\"article:modified_time\" content=\"2026-04-09T10:45:00+00:00\" \/>\n<meta property=\"og:image\" content=\"https:\/\/me.gigroup.com\/wp-content\/uploads\/sites\/11\/home-permanent-staffing.webp\" \/>\n\t<meta property=\"og:image:width\" content=\"900\" \/>\n\t<meta property=\"og:image:height\" content=\"600\" \/>\n\t<meta property=\"og:image:type\" content=\"image\/webp\" \/>\n<meta name=\"twitter:card\" content=\"summary_large_image\" \/>\n<script type=\"application\/ld+json\" class=\"yoast-schema-graph\">{\"@context\":\"https:\\\/\\\/schema.org\",\"@graph\":[{\"@type\":\"WebPage\",\"@id\":\"https:\\\/\\\/me.gigroup.com\\\/en\\\/home\\\/\",\"url\":\"https:\\\/\\\/me.gigroup.com\\\/en\\\/home\\\/\",\"name\":\"Gi Group, your job our work - Temporary and Permanent staffing\",\"isPartOf\":{\"@id\":\"https:\\\/\\\/me.gigroup.com\\\/#website\"},\"primaryImageOfPage\":{\"@id\":\"https:\\\/\\\/me.gigroup.com\\\/en\\\/home\\\/#primaryimage\"},\"image\":{\"@id\":\"https:\\\/\\\/me.gigroup.com\\\/en\\\/home\\\/#primaryimage\"},\"thumbnailUrl\":\"https:\\\/\\\/me.gigroup.com\\\/wp-content\\\/uploads\\\/sites\\\/11\\\/home-permanent-staffing.webp\",\"datePublished\":\"2024-12-20T17:02:25+00:00\",\"dateModified\":\"2026-04-09T10:45:00+00:00\",\"description\":\"Explore Gi Group, a global leader in staffing, recruitment, and workforce management solutions, supporting businesses and empowering individuals worldwide\",\"breadcrumb\":{\"@id\":\"https:\\\/\\\/me.gigroup.com\\\/en\\\/home\\\/#breadcrumb\"},\"inLanguage\":\"en-GB\",\"potentialAction\":[{\"@type\":\"ReadAction\",\"target\":[\"https:\\\/\\\/me.gigroup.com\\\/en\\\/home\\\/\"]}]},{\"@type\":\"ImageObject\",\"inLanguage\":\"en-GB\",\"@id\":\"https:\\\/\\\/me.gigroup.com\\\/en\\\/home\\\/#primaryimage\",\"url\":\"https:\\\/\\\/me.gigroup.com\\\/wp-content\\\/uploads\\\/sites\\\/11\\\/home-permanent-staffing.webp\",\"contentUrl\":\"https:\\\/\\\/me.gigroup.com\\\/wp-content\\\/uploads\\\/sites\\\/11\\\/home-permanent-staffing.webp\",\"width\":900,\"height\":600,\"caption\":\"Woman working with metal in factory - Gi Group Serbia\"},{\"@type\":\"BreadcrumbList\",\"@id\":\"https:\\\/\\\/me.gigroup.com\\\/en\\\/home\\\/#breadcrumb\",\"itemListElement\":[{\"@type\":\"ListItem\",\"position\":1,\"name\":\"Home\",\"item\":\"https:\\\/\\\/me.gigroup.com\\\/en\\\/home\\\/\"},{\"@type\":\"ListItem\",\"position\":2,\"name\":\"Home\"}]},{\"@type\":\"WebSite\",\"@id\":\"https:\\\/\\\/me.gigroup.com\\\/#website\",\"url\":\"https:\\\/\\\/me.gigroup.com\\\/\",\"name\":\"Gi Group Montenegro\",\"description\":\"Prona\u0111ite poslove i re\u0161enja za zapo\u0161ljavanje\",\"potentialAction\":[{\"@type\":\"SearchAction\",\"target\":{\"@type\":\"EntryPoint\",\"urlTemplate\":\"https:\\\/\\\/me.gigroup.com\\\/?s={search_term_string}\"},\"query-input\":{\"@type\":\"PropertyValueSpecification\",\"valueRequired\":true,\"valueName\":\"search_term_string\"}}],\"inLanguage\":\"en-GB\"}]}<\/script>\n<!-- \/ Yoast SEO Premium plugin. -->","yoast_head_json":{"title":"Gi Group, your job our work - Temporary and Permanent staffing","description":"Explore Gi Group, a global leader in staffing, recruitment, and workforce management solutions, supporting businesses and empowering individuals worldwide","robots":{"index":"index","follow":"follow","max-snippet":"max-snippet:-1","max-image-preview":"max-image-preview:large","max-video-preview":"max-video-preview:-1"},"canonical":"https:\/\/me.gigroup.com\/en\/home\/","og_locale":"en_GB","og_type":"article","og_title":"Home","og_description":"Explore Gi Group, a global leader in staffing, recruitment, and workforce management solutions, supporting businesses and empowering individuals worldwide","og_url":"https:\/\/me.gigroup.com\/en\/home\/","og_site_name":"Gi Group Montenegro","article_modified_time":"2026-04-09T10:45:00+00:00","og_image":[{"width":900,"height":600,"url":"https:\/\/me.gigroup.com\/wp-content\/uploads\/sites\/11\/home-permanent-staffing.webp","type":"image\/webp"}],"twitter_card":"summary_large_image","schema":{"@context":"https:\/\/schema.org","@graph":[{"@type":"WebPage","@id":"https:\/\/me.gigroup.com\/en\/home\/","url":"https:\/\/me.gigroup.com\/en\/home\/","name":"Gi Group, your job our work - Temporary and Permanent staffing","isPartOf":{"@id":"https:\/\/me.gigroup.com\/#website"},"primaryImageOfPage":{"@id":"https:\/\/me.gigroup.com\/en\/home\/#primaryimage"},"image":{"@id":"https:\/\/me.gigroup.com\/en\/home\/#primaryimage"},"thumbnailUrl":"https:\/\/me.gigroup.com\/wp-content\/uploads\/sites\/11\/home-permanent-staffing.webp","datePublished":"2024-12-20T17:02:25+00:00","dateModified":"2026-04-09T10:45:00+00:00","description":"Explore Gi Group, a global leader in staffing, recruitment, and workforce management solutions, supporting businesses and empowering individuals worldwide","breadcrumb":{"@id":"https:\/\/me.gigroup.com\/en\/home\/#breadcrumb"},"inLanguage":"en-GB","potentialAction":[{"@type":"ReadAction","target":["https:\/\/me.gigroup.com\/en\/home\/"]}]},{"@type":"ImageObject","inLanguage":"en-GB","@id":"https:\/\/me.gigroup.com\/en\/home\/#primaryimage","url":"https:\/\/me.gigroup.com\/wp-content\/uploads\/sites\/11\/home-permanent-staffing.webp","contentUrl":"https:\/\/me.gigroup.com\/wp-content\/uploads\/sites\/11\/home-permanent-staffing.webp","width":900,"height":600,"caption":"Woman working with metal in factory - Gi Group Serbia"},{"@type":"BreadcrumbList","@id":"https:\/\/me.gigroup.com\/en\/home\/#breadcrumb","itemListElement":[{"@type":"ListItem","position":1,"name":"Home","item":"https:\/\/me.gigroup.com\/en\/home\/"},{"@type":"ListItem","position":2,"name":"Home"}]},{"@type":"WebSite","@id":"https:\/\/me.gigroup.com\/#website","url":"https:\/\/me.gigroup.com\/","name":"Gi Group Montenegro","description":"Prona\u0111ite poslove i re\u0161enja za zapo\u0161ljavanje","potentialAction":[{"@type":"SearchAction","target":{"@type":"EntryPoint","urlTemplate":"https:\/\/me.gigroup.com\/?s={search_term_string}"},"query-input":{"@type":"PropertyValueSpecification","valueRequired":true,"valueName":"search_term_string"}}],"inLanguage":"en-GB"}]}},"_links":{"self":[{"href":"https:\/\/me.gigroup.com\/en\/wp-json\/wp\/v2\/pages\/3561","targetHints":{"allow":["GET"]}}],"collection":[{"href":"https:\/\/me.gigroup.com\/en\/wp-json\/wp\/v2\/pages"}],"about":[{"href":"https:\/\/me.gigroup.com\/en\/wp-json\/wp\/v2\/types\/page"}],"author":[{"embeddable":true,"href":"https:\/\/me.gigroup.com\/en\/wp-json\/wp\/v2\/users\/1"}],"replies":[{"embeddable":true,"href":"https:\/\/me.gigroup.com\/en\/wp-json\/wp\/v2\/comments?post=3561"}],"version-history":[{"count":4,"href":"https:\/\/me.gigroup.com\/en\/wp-json\/wp\/v2\/pages\/3561\/revisions"}],"predecessor-version":[{"id":4877,"href":"https:\/\/me.gigroup.com\/en\/wp-json\/wp\/v2\/pages\/3561\/revisions\/4877"}],"wp:featuredmedia":[{"embeddable":true,"href":"https:\/\/me.gigroup.com\/en\/wp-json\/wp\/v2\/media\/3381"}],"wp:attachment":[{"href":"https:\/\/me.gigroup.com\/en\/wp-json\/wp\/v2\/media?parent=3561"}],"curies":[{"name":"wp","href":"https:\/\/api.w.org\/{rel}","templated":true}]}}