{"id":3560,"date":"2025-05-07T18:13:02","date_gmt":"2025-05-07T16:13:02","guid":{"rendered":"https:\/\/me.gigroup.com\/for-employers\/hr-administracija-obracun-zarada\/"},"modified":"2025-05-16T10:59:11","modified_gmt":"2025-05-16T08:59:11","slug":"hr-administration-payroll","status":"publish","type":"page","link":"https:\/\/me.gigroup.com\/en\/for-employers\/hr-administration-payroll\/","title":{"rendered":"HR Administration &#038; Payroll"},"content":{"rendered":"","protected":false},"excerpt":{"rendered":"","protected":false},"author":1,"featured_media":3539,"parent":3554,"menu_order":0,"comment_status":"closed","ping_status":"closed","template":"","meta":{"footnotes":""},"class_list":["post-3560","page","type-page","status-publish","has-post-thumbnail","hentry"],"yoast_head":"<!-- This site is optimized with the Yoast SEO Premium plugin v27.4 (Yoast SEO v27.4) - https:\/\/yoast.com\/product\/yoast-seo-premium-wordpress\/ -->\n<title>HR Administration &amp; Payroll- Gi Group Montenegro<\/title>\n<meta name=\"description\" content=\"Our management services for the entire personal administration of your employees will allow you a smooth and efficient flow of business operations in your company, as well as reduced costs related to administrative tasks and obligations.\" \/>\n<meta name=\"robots\" content=\"index, follow, max-snippet:-1, max-image-preview:large, max-video-preview:-1\" \/>\n<link rel=\"canonical\" href=\"https:\/\/me.gigroup.com\/en\/for-employers\/hr-administration-payroll\/\" \/>\n<meta property=\"og:locale\" content=\"en_GB\" \/>\n<meta property=\"og:type\" content=\"article\" \/>\n<meta property=\"og:title\" content=\"HR Administration &amp; Payroll\" \/>\n<meta property=\"og:description\" content=\"Our management services for the entire personal administration of your employees will allow you a smooth and efficient flow of business operations in your company, as well as reduced costs related to administrative tasks and obligations.\" \/>\n<meta property=\"og:url\" content=\"https:\/\/me.gigroup.com\/en\/for-employers\/hr-administration-payroll\/\" \/>\n<meta property=\"og:site_name\" content=\"Gi Group Montenegro\" \/>\n<meta property=\"article:modified_time\" content=\"2025-05-16T08:59:11+00:00\" \/>\n<meta property=\"og:image\" content=\"https:\/\/me.gigroup.com\/wp-content\/uploads\/sites\/11\/office-employee.webp\" \/>\n\t<meta property=\"og:image:width\" content=\"900\" \/>\n\t<meta property=\"og:image:height\" content=\"600\" \/>\n\t<meta property=\"og:image:type\" content=\"image\/webp\" \/>\n<meta name=\"twitter:card\" content=\"summary_large_image\" \/>\n<script type=\"application\/ld+json\" class=\"yoast-schema-graph\">{\"@context\":\"https:\\\/\\\/schema.org\",\"@graph\":[{\"@type\":\"WebPage\",\"@id\":\"https:\\\/\\\/me.gigroup.com\\\/en\\\/for-employers\\\/hr-administration-payroll\\\/\",\"url\":\"https:\\\/\\\/me.gigroup.com\\\/en\\\/for-employers\\\/hr-administration-payroll\\\/\",\"name\":\"HR Administration & Payroll- Gi Group Montenegro\",\"isPartOf\":{\"@id\":\"https:\\\/\\\/me.gigroup.com\\\/#website\"},\"primaryImageOfPage\":{\"@id\":\"https:\\\/\\\/me.gigroup.com\\\/en\\\/for-employers\\\/hr-administration-payroll\\\/#primaryimage\"},\"image\":{\"@id\":\"https:\\\/\\\/me.gigroup.com\\\/en\\\/for-employers\\\/hr-administration-payroll\\\/#primaryimage\"},\"thumbnailUrl\":\"https:\\\/\\\/me.gigroup.com\\\/wp-content\\\/uploads\\\/sites\\\/11\\\/office-employee.webp\",\"datePublished\":\"2025-05-07T16:13:02+00:00\",\"dateModified\":\"2025-05-16T08:59:11+00:00\",\"description\":\"Our management services for the entire personal administration of your employees will allow you a smooth and efficient flow of business operations in your company, as well as reduced costs related to administrative tasks and obligations.\",\"breadcrumb\":{\"@id\":\"https:\\\/\\\/me.gigroup.com\\\/en\\\/for-employers\\\/hr-administration-payroll\\\/#breadcrumb\"},\"inLanguage\":\"en-GB\",\"potentialAction\":[{\"@type\":\"ReadAction\",\"target\":[\"https:\\\/\\\/me.gigroup.com\\\/en\\\/for-employers\\\/hr-administration-payroll\\\/\"]}]},{\"@type\":\"ImageObject\",\"inLanguage\":\"en-GB\",\"@id\":\"https:\\\/\\\/me.gigroup.com\\\/en\\\/for-employers\\\/hr-administration-payroll\\\/#primaryimage\",\"url\":\"https:\\\/\\\/me.gigroup.com\\\/wp-content\\\/uploads\\\/sites\\\/11\\\/office-employee.webp\",\"contentUrl\":\"https:\\\/\\\/me.gigroup.com\\\/wp-content\\\/uploads\\\/sites\\\/11\\\/office-employee.webp\",\"width\":900,\"height\":600,\"caption\":\"office employee\"},{\"@type\":\"BreadcrumbList\",\"@id\":\"https:\\\/\\\/me.gigroup.com\\\/en\\\/for-employers\\\/hr-administration-payroll\\\/#breadcrumb\",\"itemListElement\":[{\"@type\":\"ListItem\",\"position\":1,\"name\":\"Home\",\"item\":\"https:\\\/\\\/me.gigroup.com\\\/en\\\/home\\\/\"},{\"@type\":\"ListItem\",\"position\":2,\"name\":\"For Employers\",\"item\":\"https:\\\/\\\/me.gigroup.com\\\/en\\\/for-employers\\\/\"},{\"@type\":\"ListItem\",\"position\":3,\"name\":\"HR Administration &#038; Payroll\"}]},{\"@type\":\"WebSite\",\"@id\":\"https:\\\/\\\/me.gigroup.com\\\/#website\",\"url\":\"https:\\\/\\\/me.gigroup.com\\\/\",\"name\":\"Gi Group Montenegro\",\"description\":\"Prona\u0111ite poslove i re\u0161enja za zapo\u0161ljavanje\",\"potentialAction\":[{\"@type\":\"SearchAction\",\"target\":{\"@type\":\"EntryPoint\",\"urlTemplate\":\"https:\\\/\\\/me.gigroup.com\\\/?s={search_term_string}\"},\"query-input\":{\"@type\":\"PropertyValueSpecification\",\"valueRequired\":true,\"valueName\":\"search_term_string\"}}],\"inLanguage\":\"en-GB\"}]}<\/script>\n<!-- \/ Yoast SEO Premium plugin. -->","yoast_head_json":{"title":"HR Administration & Payroll- Gi Group Montenegro","description":"Our management services for the entire personal administration of your employees will allow you a smooth and efficient flow of business operations in your company, as well as reduced costs related to administrative tasks and obligations.","robots":{"index":"index","follow":"follow","max-snippet":"max-snippet:-1","max-image-preview":"max-image-preview:large","max-video-preview":"max-video-preview:-1"},"canonical":"https:\/\/me.gigroup.com\/en\/for-employers\/hr-administration-payroll\/","og_locale":"en_GB","og_type":"article","og_title":"HR Administration & Payroll","og_description":"Our management services for the entire personal administration of your employees will allow you a smooth and efficient flow of business operations in your company, as well as reduced costs related to administrative tasks and obligations.","og_url":"https:\/\/me.gigroup.com\/en\/for-employers\/hr-administration-payroll\/","og_site_name":"Gi Group Montenegro","article_modified_time":"2025-05-16T08:59:11+00:00","og_image":[{"width":900,"height":600,"url":"https:\/\/me.gigroup.com\/wp-content\/uploads\/sites\/11\/office-employee.webp","type":"image\/webp"}],"twitter_card":"summary_large_image","schema":{"@context":"https:\/\/schema.org","@graph":[{"@type":"WebPage","@id":"https:\/\/me.gigroup.com\/en\/for-employers\/hr-administration-payroll\/","url":"https:\/\/me.gigroup.com\/en\/for-employers\/hr-administration-payroll\/","name":"HR Administration & Payroll- Gi Group Montenegro","isPartOf":{"@id":"https:\/\/me.gigroup.com\/#website"},"primaryImageOfPage":{"@id":"https:\/\/me.gigroup.com\/en\/for-employers\/hr-administration-payroll\/#primaryimage"},"image":{"@id":"https:\/\/me.gigroup.com\/en\/for-employers\/hr-administration-payroll\/#primaryimage"},"thumbnailUrl":"https:\/\/me.gigroup.com\/wp-content\/uploads\/sites\/11\/office-employee.webp","datePublished":"2025-05-07T16:13:02+00:00","dateModified":"2025-05-16T08:59:11+00:00","description":"Our management services for the entire personal administration of your employees will allow you a smooth and efficient flow of business operations in your company, as well as reduced costs related to administrative tasks and obligations.","breadcrumb":{"@id":"https:\/\/me.gigroup.com\/en\/for-employers\/hr-administration-payroll\/#breadcrumb"},"inLanguage":"en-GB","potentialAction":[{"@type":"ReadAction","target":["https:\/\/me.gigroup.com\/en\/for-employers\/hr-administration-payroll\/"]}]},{"@type":"ImageObject","inLanguage":"en-GB","@id":"https:\/\/me.gigroup.com\/en\/for-employers\/hr-administration-payroll\/#primaryimage","url":"https:\/\/me.gigroup.com\/wp-content\/uploads\/sites\/11\/office-employee.webp","contentUrl":"https:\/\/me.gigroup.com\/wp-content\/uploads\/sites\/11\/office-employee.webp","width":900,"height":600,"caption":"office employee"},{"@type":"BreadcrumbList","@id":"https:\/\/me.gigroup.com\/en\/for-employers\/hr-administration-payroll\/#breadcrumb","itemListElement":[{"@type":"ListItem","position":1,"name":"Home","item":"https:\/\/me.gigroup.com\/en\/home\/"},{"@type":"ListItem","position":2,"name":"For Employers","item":"https:\/\/me.gigroup.com\/en\/for-employers\/"},{"@type":"ListItem","position":3,"name":"HR Administration &#038; Payroll"}]},{"@type":"WebSite","@id":"https:\/\/me.gigroup.com\/#website","url":"https:\/\/me.gigroup.com\/","name":"Gi Group Montenegro","description":"Prona\u0111ite poslove i re\u0161enja za zapo\u0161ljavanje","potentialAction":[{"@type":"SearchAction","target":{"@type":"EntryPoint","urlTemplate":"https:\/\/me.gigroup.com\/?s={search_term_string}"},"query-input":{"@type":"PropertyValueSpecification","valueRequired":true,"valueName":"search_term_string"}}],"inLanguage":"en-GB"}]}},"_links":{"self":[{"href":"https:\/\/me.gigroup.com\/en\/wp-json\/wp\/v2\/pages\/3560","targetHints":{"allow":["GET"]}}],"collection":[{"href":"https:\/\/me.gigroup.com\/en\/wp-json\/wp\/v2\/pages"}],"about":[{"href":"https:\/\/me.gigroup.com\/en\/wp-json\/wp\/v2\/types\/page"}],"author":[{"embeddable":true,"href":"https:\/\/me.gigroup.com\/en\/wp-json\/wp\/v2\/users\/1"}],"replies":[{"embeddable":true,"href":"https:\/\/me.gigroup.com\/en\/wp-json\/wp\/v2\/comments?post=3560"}],"version-history":[{"count":0,"href":"https:\/\/me.gigroup.com\/en\/wp-json\/wp\/v2\/pages\/3560\/revisions"}],"up":[{"embeddable":true,"href":"https:\/\/me.gigroup.com\/en\/wp-json\/wp\/v2\/pages\/3554"}],"wp:featuredmedia":[{"embeddable":true,"href":"https:\/\/me.gigroup.com\/en\/wp-json\/wp\/v2\/media\/3539"}],"wp:attachment":[{"href":"https:\/\/me.gigroup.com\/en\/wp-json\/wp\/v2\/media?parent=3560"}],"curies":[{"name":"wp","href":"https:\/\/api.w.org\/{rel}","templated":true}]}}